{"id":556,"date":"2025-09-11T13:32:07","date_gmt":"2025-09-11T10:32:07","guid":{"rendered":"https:\/\/innermeridian.lv\/pirksanas-un-apkalposanas-noteikumi\/"},"modified":"2025-12-16T10:09:56","modified_gmt":"2025-12-16T08:09:56","slug":"iegades-un-pakalpojuma-noteikumi","status":"publish","type":"page","link":"https:\/\/innermeridian.lv\/lv\/iegades-un-pakalpojuma-noteikumi\/","title":{"rendered":"Pirmsl\u012bguma inform\u0101cija"},"content":{"rendered":"<section id=\"written-content-block_5978a4e402b701a5b24ba47e56a93a70\" class=\"block written-content\">\n    <div class=\"container\">\n        <div class=\"row\">\n            <div class=\"col-12\">\n                <h3>CE\u013bOT\u0100JAM PIRMS KOMPLEKSA VAI SAIST\u012aTA T\u016aRISMA PAKALPOJUMA L\u012aGUMA NOSL\u0112G\u0160ANAS SNIEDZAM\u0100 INFORM\u0100CIJA.<\/h3>\n<p>Jums pied\u0101v\u0101tais t\u016brisma pakalpojumu kopums ir komplekss t\u016brisma pakalpojums T\u016brisma likuma un Ministru kabineta 2018. gada 26. j\u016bnija noteikumu Nr. 380 \u201cNoteikumi par kompleksa un saist\u012bta t\u016brisma pakalpojuma sagatavo\u0161anas un snieg\u0161anas k\u0101rt\u012bbu un kompleksu un saist\u012btu t\u016brisma pakalpojumu sniedz\u0113ju un ce\u013cot\u0101ju ties\u012bb\u0101m un pien\u0101kumiem\u201d izpratn\u0113. J\u016bs var\u0113siet izmantot visas T\u016brisma likum\u0101 un Ministru kabineta 2018. gada 26. j\u016bnija noteikumos Nr. 380 \u201cNoteikumi par kompleksa un saist\u012bta t\u016brisma pakalpojuma sagatavo\u0161anas un snieg\u0161anas k\u0101rt\u012bbu un kompleksu un saist\u012btu t\u016brisma pakalpojumu sniedz\u0113ju un ce\u013cot\u0101ju ties\u012bb\u0101m un pien\u0101kumiem\u201d min\u0113t\u0101s ties\u012bbas, kas attiecas uz kompleksiem t\u016brisma pakalpojumiem.<\/p>\n<p>SIA ATLANTIC TRAVEL, re\u0123istr\u0101cijas Nr. 40003692248 b\u016bs piln\u012bb\u0101 atbild\u012bgs par kompleks\u0101 t\u016brisma pakalpojuma pien\u0101c\u012bgu snieg\u0161anu kopum\u0101.<\/p>\n<p>Saska\u0146\u0101 ar ties\u012bbu aktu pras\u012bb\u0101m SIA ATLANTIC TRAVEL, re\u0123istr\u0101cijas Nr. 40003692248 ir nodro\u0161in\u0101jums, lai gad\u012bjum\u0101, ja tas savu likvidit\u0101tes probl\u0113mu d\u0113\u013c nepiln\u012bgi izpilda vai neizpilda savas saist\u012bbas, atl\u012bdzin\u0101tu J\u016bsu maks\u0101jumus un, ja kompleksaj\u0101 t\u016brisma pakalpojum\u0101 ir ietverts transports, \u2013 nodro\u0161in\u0101tu J\u016bsu repatri\u0101ciju.<\/p>\n<p>Pla\u0161\u0101ka inform\u0101cija par T\u016brisma likum\u0101 un Ministru kabineta 2018. gada 26. j\u016bnija noteikumos Nr. 380 \u201cNoteikumi par kompleksa un saist\u012bta t\u016brisma pakalpojuma sagatavo\u0161anas un snieg\u0161anas k\u0101rt\u012bbu un kompleksu un saist\u012btu t\u016brisma pakalpojumu sniedz\u0113ju un ce\u013cot\u0101ju ties\u012bb\u0101m un pien\u0101kumiem\u201d paredz\u0113taj\u0101m pamatties\u012bb\u0101m <a href=\"http:\/\/www.likumi.lv\">http:\/\/www.likumi.lv<\/a> vai T\u016brisma likuma <a href=\"https:\/\/likumi.lv\/doc.php?id=50026\">https:\/\/likumi.lv\/doc.php?id=50026<\/a> un Ministru kabineta 2018.gada 26.j\u016bnija noteikumiem Nr. 380 <a href=\"https:\/\/likumi.lv\/ta\/id\/300021-noteikumi-parkompleksa-un-saistita-turisma-pakalpojuma-sagatavosanas-un-sniegsanaskartibu-un-kompleksu-un-saistitu-turisma\">\u201cNoteikumi par kompleksa un saist\u012bta t\u016brisma pakalpojuma sagatavo\u0161anas un snieg\u0161anas k\u0101rt\u012bbu un kompleksu un saist\u012btu t\u016brisma pakalpojumu sniedz\u0113ju un ce\u013cot\u0101ju ties\u012bb\u0101m un pien\u0101kumiem\u201d<\/a>, ja l\u012bgumu sl\u0113dz kl\u0101tien\u0113, elektroniski vai izmantojot telefonsarunu.<\/p>\n<p>Pamatties\u012bbas saska\u0146\u0101 ar T\u016brisma likumu un Ministru kabineta 2018. gada 26. j\u016bnija noteikumiem Nr. 380 \u201cNoteikumi par kompleksa un saist\u012bta t\u016brisma pakalpojuma sagatavo\u0161anas un snieg\u0161anas k\u0101rt\u012bbu un kompleksu un saist\u012btu t\u016brisma pakalpojumu sniedz\u0113ju un ce\u013cot\u0101ju ties\u012bb\u0101m un pien\u0101kumiem\u201d:<\/p>\n<p>ce\u013cot\u0101js pirms kompleks\u0101 t\u016brisma pakalpojuma l\u012bguma nosl\u0113g\u0161anas sa\u0146em visu b\u016btisko inform\u0101ciju par komplekso t\u016brisma pakalpojumu;<br \/>\nvienm\u0113r ir vismaz viens t\u016brisma pakalpojuma sniedz\u0113js, kur\u0161 ir atbild\u012bgs par to, lai visi l\u012bgum\u0101 ietvertie t\u016brisma pakalpojumi tiktu sniegti pien\u0101c\u012bgi;<br \/>\nce\u013cot\u0101jam izsniedz t\u0101lru\u0146a numuru sazi\u0146ai \u0101rk\u0101rtas gad\u012bjumos vai inform\u0101ciju par kontaktpunktu, kur\u0101 vi\u0146\u0161 var sazin\u0101ties ar t\u016brisma operatoru vai t\u016brisma a\u0123entu;<br \/>\nce\u013cot\u0101js, par to pazi\u0146ojot sapr\u0101t\u012bg\u0101 termi\u0146\u0101, var nodot komplekso t\u016brisma pakalpojumu citai personai (par to var paredz\u0113t pien\u0101kumu segt papildu izmaksas);<\/p>\n<ul>\n<li>kompleks\u0101 t\u016brisma pakalpojuma cenu var palielin\u0101t tikai tad, ja pieaug noteiktas izmaksas (piem\u0113ram, degvielas cenas) un ja tas ir skaidri paredz\u0113ts kompleks\u0101 t\u016brisma pakalpojuma l\u012bgum\u0101, un jebkur\u0101 gad\u012bjum\u0101 ne v\u0113l\u0101k k\u0101 20 dienas pirms kompleks\u0101 t\u016brisma pakalpojuma s\u0101kuma. Ja cenas palielin\u0101jums p\u0101rsniedz 8% no kompleks\u0101 t\u016brisma pakalpojuma cenas, ce\u013cot\u0101js var izbeigt l\u012bgumu. Ja t\u016brisma operators sev patur ties\u012bbas palielin\u0101t cenu, ce\u013cot\u0101jam ir ties\u012bbas uz cenas samazin\u0101jumu, ja samazin\u0101s attiec\u012bg\u0101s izmaksas;<\/li>\n<li>ce\u013cot\u0101js var izbeigt kompleks\u0101 t\u016brisma pakalpojuma l\u012bgumu, nemaks\u0101jot nek\u0101du izbeig\u0161anas maksu, un sa\u0146emt veikto maks\u0101jumu pilnu atmaksu, ja iev\u0113rojami tiek main\u012bts jebkur\u0161 no kompleks\u0101 t\u016brisma pakalpojuma b\u016btiskajiem elementiem, iz\u0146emot Ja pirms kompleks\u0101 t\u016brisma pakalpojuma s\u0101kuma par komplekso t\u016brisma pakalpojumu atbild\u012bgais t\u016brisma pakalpojumu sniedz\u0113js atce\u013c komplekso t\u016brisma pakalpojumu, ce\u013cot\u0101jam ir ties\u012bbas sa\u0146emt atmaksu un \u2013 attiec\u012bg\u0101 gad\u012bjum\u0101 \u2013 kompens\u0101ciju;<\/li>\n<li>ce\u013cot\u0101js \u0101rk\u0101rtas gad\u012bjumos pirms kompleks\u0101 pakalpojuma s\u0101kuma var izbeigt kompleks\u0101 t\u016brisma pakalpojuma l\u012bgumu, nemaks\u0101jot nek\u0101du izbeig\u0161anas maksu, piem\u0113ram, ja galam\u0113r\u0137a viet\u0101 past\u0101v nopietnas dro\u0161\u012bbas probl\u0113mas, kuras, visticam\u0101k, ietekm\u0113tu komplekso t\u016brisma pakalpojumu;<\/li>\n<li>ce\u013cot\u0101js jebkur\u0101 laik\u0101 pirms kompleks\u0101 t\u016brisma pakalpojuma s\u0101kuma var izbeigt l\u012bgumu, samaks\u0101jot sam\u0113r\u012bgu un pamatojamu izbeig\u0161anas maksu;<\/li>\n<li>ja p\u0113c kompleks\u0101 t\u016brisma pakalpojuma s\u0101kuma noz\u012bm\u012bgus kompleks\u0101 t\u016brisma pakalpojuma elementus nevar sniegt t\u0101, k\u0101 paredz vieno\u0161an\u0101s, bez papildu maksas j\u0101pied\u0101v\u0101 ce\u013cot\u0101jam atbilsto\u0161i alternat\u012bvi risin\u0101jumi. Ce\u013cot\u0101js var izbeigt kompleks\u0101 t\u016brisma pakalpojuma l\u012bgumu, nemaks\u0101jot izbeig\u0161anas maksu, ja pakalpojumi netiek sniegti saska\u0146\u0101 ar l\u012bgumu un tas b\u016btiski ietekm\u0113 kompleks\u0101 t\u016brisma pakalpojuma izpildi, un t\u016brisma operators nenov\u0113r\u0161 probl\u0113mu;<\/li>\n<li>ce\u013cot\u0101jam ir ties\u012bbas uz cenas samazin\u0101jumu vai kompens\u0101ciju par zaud\u0113jumiem, ja t\u016brisma pakalpojumi netiek sniegti vai tiek sniegti neatbilsto\u0161i;<\/li>\n<li>ja ce\u013cot\u0101js non\u0101k gr\u016bt\u012bb\u0101s, t\u016brisma operatoram ir pien\u0101kums nodro\u0161in\u0101t pal\u012bdz\u012bbu;<\/li>\n<li>ja t\u016brisma operators savu likvidit\u0101tes probl\u0113mu d\u0113\u013c da\u013c\u0113ji vai piln\u012bb\u0101 nesp\u0113j pild\u012bt savas saist\u012bbas, ce\u013cot\u0101ja veiktie maks\u0101jumi tiek atmaks\u0101ti. Ja t\u016brisma operators p\u0113c kompleks\u0101 t\u016brisma pakalpojuma s\u0101kuma savu likvidit\u0101tes probl\u0113mu d\u0113\u013c da\u013c\u0113ji vai piln\u012bb\u0101 nesp\u0113j pild\u012bt savas saist\u012bbas un transports ir iek\u013cauts kompleksaj\u0101 t\u016brisma pakalpojum\u0101, tiek nodro\u0161in\u0101ta ce\u013cot\u0101ja repatri\u0101cija.<\/li>\n<\/ul>\n<p>SIA ATLANTIC TRAVEL, re\u0123istr\u0101cijas Nr. 40003692248 ir nodro\u0161in\u0101jums, ko gad\u012bjum\u0101, ja tas savu likvidit\u0101tes probl\u0113mu d\u0113\u013c nepiln\u012bgi izpilda vai neizpilda savas saist\u012bbas, nodro\u0161ina AAS \u201cBALTA\u201d un Pat\u0113r\u0113t\u0101ju ties\u012bbu aizsardz\u012bbas centrs.<\/p>\n<p>Ja SIA ATLANTIC TRAVEL, re\u0123istr\u0101cijas Nr. 40003692248 nesp\u0113j piln\u012bb\u0101 vai da\u013c\u0113ji pild\u012bt savas saist\u012bbas un sniegt attiec\u012bgos pakalpojumus savu likvidit\u0101tes probl\u0113mu d\u0113\u013c, ce\u013cot\u0101js var<\/p>\n<p>sazin\u0101ties ar Pat\u0113r\u0113t\u0101ju ties\u012bbu aizsardz\u012bbas centru Br\u012bv\u012bbas iel\u0101 55, R\u012bg\u0101, LV \u2013 1010, <a href=\"mailto:pasts@ptac.gov.lv\">pasts@ptac.gov.lv<\/a>, tel. 65452554.<\/p>\n<p>T\u016brisma likums un Ministru kabineta 2018.gada 26.j\u016bnija noteikumi Nr. 380 \u201cNoteikumi par kompleksa un saist\u012bta t\u016brisma pakalpojuma sagatavo\u0161anas un snieg\u0161anas k\u0101rt\u012bbu un kompleksu un saist\u012btu t\u016brisma pakalpojumu sniedz\u0113ju un ce\u013cot\u0101ju ties\u012bb\u0101m un pien\u0101kumi\u201d <a href=\"http:\/\/www.likumi.lv\">http:\/\/www.likumi.lv<\/a> vai hipersaite uz T\u016brisma likumu <a href=\"https:\/\/likumi.lv\/doc.php?id=50026\">https:\/\/likumi.lv\/doc.php?id=50026<\/a> un Ministru kabineta 2018.gada 26.j\u016bnija noteikumiem <a href=\"https:\/\/likumi.lv\/ta\/id\/300021-noteikumi-parkompleksa-un-saistita-turisma-pakalpojuma-sagatavosanas-un-sniegsanaskartibu-un-kompleksu-un-saistitu-turisma\">Nr. 380 \u201cNoteikumi par kompleksa un saist\u012bta t\u016brisma pakalpojuma sagatavo\u0161anas un snieg\u0161anas k\u0101rt\u012bbu un kompleksu un saist\u012btu t\u016brisma pakalpojumu sniedz\u0113ju un ce\u013cot\u0101ju ties\u012bb\u0101m un pien\u0101kumiem\u201d<\/a> , ja l\u012bgumu sl\u0113dz kl\u0101tien\u0113, elektroniski vai izmantojot telefonsarunu.<\/p>\n            <\/div>\n        <\/div>\n    <\/div>\n<\/section>\n","protected":false},"excerpt":{"rendered":"","protected":false},"author":2,"featured_media":0,"parent":0,"menu_order":0,"comment_status":"closed","ping_status":"closed","template":"templates\/template-simple-page.php","meta":{"_acf_changed":false,"footnotes":""},"class_list":["post-556","page","type-page","status-publish","hentry"],"acf":[],"yoast_head":"<!-- This site is optimized with the Yoast SEO plugin v25.1 - https:\/\/yoast.com\/wordpress\/plugins\/seo\/ -->\n<title>Pirmsl\u012bguma inform\u0101cija - Inner meridian<\/title>\n<meta name=\"robots\" content=\"index, follow, max-snippet:-1, max-image-preview:large, max-video-preview:-1\" \/>\n<link rel=\"canonical\" href=\"https:\/\/innermeridian.lv\/lv\/iegades-un-pakalpojuma-noteikumi\/\" \/>\n<meta property=\"og:locale\" content=\"lv_LV\" \/>\n<meta property=\"og:type\" content=\"article\" \/>\n<meta property=\"og:title\" content=\"Pirmsl\u012bguma inform\u0101cija - Inner meridian\" \/>\n<meta property=\"og:url\" content=\"https:\/\/innermeridian.lv\/lv\/iegades-un-pakalpojuma-noteikumi\/\" \/>\n<meta property=\"og:site_name\" content=\"Inner meridian\" \/>\n<meta property=\"article:modified_time\" content=\"2025-12-16T08:09:56+00:00\" \/>\n<meta name=\"twitter:card\" content=\"summary_large_image\" \/>\n<script type=\"application\/ld+json\" class=\"yoast-schema-graph\">{\"@context\":\"https:\/\/schema.org\",\"@graph\":[{\"@type\":\"WebPage\",\"@id\":\"https:\/\/innermeridian.lv\/lv\/iegades-un-pakalpojuma-noteikumi\/\",\"url\":\"https:\/\/innermeridian.lv\/lv\/iegades-un-pakalpojuma-noteikumi\/\",\"name\":\"Pirmsl\u012bguma inform\u0101cija - Inner meridian\",\"isPartOf\":{\"@id\":\"https:\/\/innermeridian.lv\/#website\"},\"datePublished\":\"2025-09-11T10:32:07+00:00\",\"dateModified\":\"2025-12-16T08:09:56+00:00\",\"breadcrumb\":{\"@id\":\"https:\/\/innermeridian.lv\/lv\/iegades-un-pakalpojuma-noteikumi\/#breadcrumb\"},\"inLanguage\":\"lv-LV\",\"potentialAction\":[{\"@type\":\"ReadAction\",\"target\":[\"https:\/\/innermeridian.lv\/lv\/iegades-un-pakalpojuma-noteikumi\/\"]}]},{\"@type\":\"BreadcrumbList\",\"@id\":\"https:\/\/innermeridian.lv\/lv\/iegades-un-pakalpojuma-noteikumi\/#breadcrumb\",\"itemListElement\":[{\"@type\":\"ListItem\",\"position\":1,\"name\":\"Home\",\"item\":\"https:\/\/innermeridian.lv\/lv\/\"},{\"@type\":\"ListItem\",\"position\":2,\"name\":\"Pirmsl\u012bguma inform\u0101cija\"}]},{\"@type\":\"WebSite\",\"@id\":\"https:\/\/innermeridian.lv\/#website\",\"url\":\"https:\/\/innermeridian.lv\/\",\"name\":\"Inner Meridian\",\"description\":\"\",\"publisher\":{\"@id\":\"https:\/\/innermeridian.lv\/#organization\"},\"potentialAction\":[{\"@type\":\"SearchAction\",\"target\":{\"@type\":\"EntryPoint\",\"urlTemplate\":\"https:\/\/innermeridian.lv\/?s={search_term_string}\"},\"query-input\":{\"@type\":\"PropertyValueSpecification\",\"valueRequired\":true,\"valueName\":\"search_term_string\"}}],\"inLanguage\":\"lv-LV\"},{\"@type\":\"Organization\",\"@id\":\"https:\/\/innermeridian.lv\/#organization\",\"name\":\"Inner Meridian\",\"url\":\"https:\/\/innermeridian.lv\/\",\"logo\":{\"@type\":\"ImageObject\",\"inLanguage\":\"lv-LV\",\"@id\":\"https:\/\/innermeridian.lv\/#\/schema\/logo\/image\/\",\"url\":\"https:\/\/innermeridian.lv\/wp-content\/uploads\/2025\/12\/Screenshot_5.jpg\",\"contentUrl\":\"https:\/\/innermeridian.lv\/wp-content\/uploads\/2025\/12\/Screenshot_5.jpg\",\"width\":189,\"height\":93,\"caption\":\"Inner Meridian\"},\"image\":{\"@id\":\"https:\/\/innermeridian.lv\/#\/schema\/logo\/image\/\"}}]}<\/script>\n<!-- \/ Yoast SEO plugin. -->","yoast_head_json":{"title":"Pirmsl\u012bguma inform\u0101cija - Inner meridian","robots":{"index":"index","follow":"follow","max-snippet":"max-snippet:-1","max-image-preview":"max-image-preview:large","max-video-preview":"max-video-preview:-1"},"canonical":"https:\/\/innermeridian.lv\/lv\/iegades-un-pakalpojuma-noteikumi\/","og_locale":"lv_LV","og_type":"article","og_title":"Pirmsl\u012bguma inform\u0101cija - Inner meridian","og_url":"https:\/\/innermeridian.lv\/lv\/iegades-un-pakalpojuma-noteikumi\/","og_site_name":"Inner meridian","article_modified_time":"2025-12-16T08:09:56+00:00","twitter_card":"summary_large_image","schema":{"@context":"https:\/\/schema.org","@graph":[{"@type":"WebPage","@id":"https:\/\/innermeridian.lv\/lv\/iegades-un-pakalpojuma-noteikumi\/","url":"https:\/\/innermeridian.lv\/lv\/iegades-un-pakalpojuma-noteikumi\/","name":"Pirmsl\u012bguma inform\u0101cija - Inner meridian","isPartOf":{"@id":"https:\/\/innermeridian.lv\/#website"},"datePublished":"2025-09-11T10:32:07+00:00","dateModified":"2025-12-16T08:09:56+00:00","breadcrumb":{"@id":"https:\/\/innermeridian.lv\/lv\/iegades-un-pakalpojuma-noteikumi\/#breadcrumb"},"inLanguage":"lv-LV","potentialAction":[{"@type":"ReadAction","target":["https:\/\/innermeridian.lv\/lv\/iegades-un-pakalpojuma-noteikumi\/"]}]},{"@type":"BreadcrumbList","@id":"https:\/\/innermeridian.lv\/lv\/iegades-un-pakalpojuma-noteikumi\/#breadcrumb","itemListElement":[{"@type":"ListItem","position":1,"name":"Home","item":"https:\/\/innermeridian.lv\/lv\/"},{"@type":"ListItem","position":2,"name":"Pirmsl\u012bguma inform\u0101cija"}]},{"@type":"WebSite","@id":"https:\/\/innermeridian.lv\/#website","url":"https:\/\/innermeridian.lv\/","name":"Inner Meridian","description":"","publisher":{"@id":"https:\/\/innermeridian.lv\/#organization"},"potentialAction":[{"@type":"SearchAction","target":{"@type":"EntryPoint","urlTemplate":"https:\/\/innermeridian.lv\/?s={search_term_string}"},"query-input":{"@type":"PropertyValueSpecification","valueRequired":true,"valueName":"search_term_string"}}],"inLanguage":"lv-LV"},{"@type":"Organization","@id":"https:\/\/innermeridian.lv\/#organization","name":"Inner Meridian","url":"https:\/\/innermeridian.lv\/","logo":{"@type":"ImageObject","inLanguage":"lv-LV","@id":"https:\/\/innermeridian.lv\/#\/schema\/logo\/image\/","url":"https:\/\/innermeridian.lv\/wp-content\/uploads\/2025\/12\/Screenshot_5.jpg","contentUrl":"https:\/\/innermeridian.lv\/wp-content\/uploads\/2025\/12\/Screenshot_5.jpg","width":189,"height":93,"caption":"Inner Meridian"},"image":{"@id":"https:\/\/innermeridian.lv\/#\/schema\/logo\/image\/"}}]}},"_links":{"self":[{"href":"https:\/\/innermeridian.lv\/lv\/wp-json\/wp\/v2\/pages\/556","targetHints":{"allow":["GET"]}}],"collection":[{"href":"https:\/\/innermeridian.lv\/lv\/wp-json\/wp\/v2\/pages"}],"about":[{"href":"https:\/\/innermeridian.lv\/lv\/wp-json\/wp\/v2\/types\/page"}],"author":[{"embeddable":true,"href":"https:\/\/innermeridian.lv\/lv\/wp-json\/wp\/v2\/users\/2"}],"replies":[{"embeddable":true,"href":"https:\/\/innermeridian.lv\/lv\/wp-json\/wp\/v2\/comments?post=556"}],"version-history":[{"count":6,"href":"https:\/\/innermeridian.lv\/lv\/wp-json\/wp\/v2\/pages\/556\/revisions"}],"predecessor-version":[{"id":912,"href":"https:\/\/innermeridian.lv\/lv\/wp-json\/wp\/v2\/pages\/556\/revisions\/912"}],"wp:attachment":[{"href":"https:\/\/innermeridian.lv\/lv\/wp-json\/wp\/v2\/media?parent=556"}],"curies":[{"name":"wp","href":"https:\/\/api.w.org\/{rel}","templated":true}]}}