{"id":555,"date":"2025-09-11T13:31:38","date_gmt":"2025-09-11T10:31:38","guid":{"rendered":"https:\/\/innermeridian.lv\/konfidencialitates-politika\/"},"modified":"2026-04-10T17:56:02","modified_gmt":"2026-04-10T14:56:02","slug":"privatuma-politika","status":"publish","type":"page","link":"https:\/\/innermeridian.lv\/lv\/privatuma-politika\/","title":{"rendered":"Priv\u0101tuma politika"},"content":{"rendered":"<section id=\"written-content-block_ddc5dfb01cab2525ff5a409474361e7e\" class=\"block written-content\">\n    <div class=\"container\">\n        <div class=\"row\">\n            <div class=\"col-12\">\n                <div class=\"privacy-policy-container\">\n<h1><span style=\"font-size: 2rem; font-weight: 500;\">Personas datu apstr\u0101des p\u0101rzinis un p\u0101rzi\u0146a kontaktinform\u0101cija:<\/span><\/h1>\n<section>SIA \u201cATLANTIC TRAVEL\u201d, re\u0123.nr. 40003692248, juridisk\u0101 adrese: Mer\u0137e\u013ca iela 5-1A (turpm\u0101k tekst\u0101 \u2013 Sabiedr\u012bba), e-pasts: <a href=\"mailto:atlantic@atlantic.lv\">atlantic@atlantic.lv<\/a><\/section>\n<section>\n<h3>Personas datu apstr\u0101des nol\u016bki:<\/h3>\n<p><strong>T\u016brisma pakalpojumu snieg\u0161ana<\/strong> (personas datu apstr\u0101des juridiskais pamats: l\u012bgumisko un likumisko saist\u012bbu izpilde), tai skait\u0101, bet ne tikai:<\/p>\n<ul>\n<li>klienta identific\u0113\u0161anai;<\/li>\n<li>l\u012bguma sagatavo\u0161anai un nosl\u0113g\u0161anai;<\/li>\n<li>t\u016brisma pakalpojumu snieg\u0161anas nodro\u0161in\u0101\u0161anai;<\/li>\n<li>apdro\u0161in\u0101\u0161anas poli\u0161u noform\u0113\u0161anai;<\/li>\n<li>za\u013co kar\u0161u noform\u0113\u0161anai;<\/li>\n<li>v\u012bzu noform\u0113\u0161anai;<\/li>\n<li>iel\u016bgumu noform\u0113\u0161anai;<\/li>\n<li>DHL Express s\u016bt\u012bjumu pie\u0146em\u0161anai un noform\u0113\u0161anai;<\/li>\n<li>iesniegumu un pretenziju izskat\u012b\u0161anai;<\/li>\n<li>nor\u0113\u0137inu administr\u0113\u0161anai;<\/li>\n<li>gr\u0101matved\u012bbas dokumentu sagatavo\u0161anai;<\/li>\n<li>par\u0101du atg\u016b\u0161anai un piedzi\u0146ai.<\/li>\n<\/ul>\n<p><strong>Komerci\u0101lo pazi\u0146ojumu nos\u016bt\u012b\u0161anai<\/strong> (personas datu apstr\u0101des juridiskais pamats: klienta piekri\u0161ana vai\/un klienta parakst\u012b\u0161an\u0101s jaunumu sa\u0146em\u0161anai <a href=\"http:\/\/www.innermeridian.lv\">www.innermeridian.lv<\/a> vietn\u0113).<\/p>\n<p><strong>Klienta lietu uztur\u0113\u0161anai<\/strong> (personas datu apstr\u0101des juridiskais pamats: klienta piekri\u0161ana).<\/p>\n<p><strong>Inform\u0101cijas snieg\u0161anai valsts un pa\u0161vald\u012bbas iest\u0101d\u0113m<\/strong> ties\u012bbu normat\u012bvajos aktos noteiktajos gad\u012bjumos (personas datu apstr\u0101des juridiskais pamats: ties\u012bbu normat\u012bvo aktu pras\u012bbu izpilde).<\/p>\n<\/section>\n<section>\n<h3>Personas datu sa\u0146\u0113m\u0113ju kategorijas:<\/h3>\n<ul>\n<li>klients, ce\u013cojumu pakalpojumu sniedz\u0113ji, piem\u0113ram, Sabiedr\u012bbas darbinieki, ce\u013cojumu vairumtirgot\u0101ji, ce\u013cojumu r\u012bkot\u0101ji, aviokomp\u0101nijas, viesn\u012bcas, automa\u0161\u012bnu nomas uz\u0146\u0113mumi, transferu pakalpojumu sniedz\u0113ju uz\u0146\u0113mumi, ekskursiju pakalpojumu sniedz\u0113ji (gidi) un citi saist\u012bti t\u016brisma pakalpojumu sniedz\u0113ji;<\/li>\n<li>v\u0113stniec\u012bbas un konsul\u0101rie departamenti, saist\u012btie v\u012bzu centri;<\/li>\n<li>apdro\u0161in\u0101\u0161anas sabiedr\u012bbas;<\/li>\n<li>persona, kas veic ce\u013cojumu rezerv\u0113\u0161anu t\u016brista v\u0101rd\u0101, ja t\u016brists ce\u013co ar rezerv\u0101ciju, kuru vi\u0146a v\u0101rd\u0101 veic cita persona (piem\u0113ram, \u0123imenes loceklis, draugs vai kol\u0113\u0123is);<\/li>\n<li>darba dev\u0113js, ja t\u016brists ir k\u0101da uz\u0146\u0113muma darbinieks, un t\u016brists dodas komand\u0113jum\u0101 vai darba braucien\u0101;<\/li>\n<li>tre\u0161\u0101s personas, ar kur\u0101m Sabiedr\u012bba ir nosl\u0113gusi pakalpojumu snieg\u0161anas l\u012bgumus, piem\u0113ram, kred\u012btiest\u0101des, inform\u0101cijas tehnolo\u0123iju pakalpojumu sniedz\u0113ji, gr\u0101matved\u012bbas pakalpojumu sniedz\u0113ji, juridisko pakalpojumu sniedz\u0113ji, pasta iest\u0101des, kurjera pakalpojumu sniedz\u0113ji un citi saist\u012bti pakalpojumu sniedz\u0113ji, kas nodro\u0161ina Sabiedr\u012bbas uz\u0146\u0113m\u0113jdarb\u012bbu;<\/li>\n<li>ties\u012bbu normat\u012bvajos aktos noteikt\u0101s personas p\u0113c \u0161o personu pamatota piepras\u012bjuma;<\/li>\n<li>ties\u012bbu normat\u012bvajos aktos noteiktos gad\u012bjumos Sabiedr\u012bbas likum\u012bgo intere\u0161u aizsardz\u012bbai (piem. v\u0113r\u0161oties ties\u0101).<\/li>\n<\/ul>\n<\/section>\n<section>\n<h3>Personas datu kategorijas:<\/h3>\n<p>Identific\u0113jo\u0161a inform\u0101cija (v\u0101rds, uzv\u0101rds, personas kods, pases dati un\/vai personas apliec\u012bbas dati), dz\u012bves vietas adrese, dzimums, kontaktinform\u0101cija, bankas dati, bankas maks\u0101jumu kartes dati, inform\u0101cija par vesel\u012bbas st\u0101vokli (t.sk. di\u0113tas ierobe\u017eojumi, inform\u0101cija par invalidit\u0101ti), vec\u0101ku un\/vai b\u0113rnu v\u0101rdi un uzv\u0101rdi un cita nepiecie\u0161am\u0101 inform\u0101cija.<\/p>\n<\/section>\n<section>\n<h3>Personas datu aizsardz\u012bbas principi:<\/h3>\n<p>Sabiedr\u012bba k\u0101 p\u0101rzinis:<\/p>\n<ul>\n<li>apstr\u0101d\u0101 personas datus likum\u012bgi, godpr\u0101t\u012bgi un p\u0101rredzam\u0101 veid\u0101;<\/li>\n<li>apstr\u0101d\u0101 datus adekv\u0101ti un tikai tos, kas nepiecie\u0161ami nol\u016bku sasnieg\u0161anai;<\/li>\n<li>nodro\u0161ina atbilsto\u0161u dro\u0161\u012bbu, aizsardz\u012bbu pret neat\u013cautu apstr\u0101di, nejau\u0161u nozaud\u0113\u0161anu vai saboj\u0101\u0161anu;<\/li>\n<li>glab\u0101 datus ne ilg\u0101k k\u0101 nepiecie\u0161ams apstr\u0101des nol\u016bkiem;<\/li>\n<li>inform\u0113 klientu par datu nepiecie\u0161am\u012bbu un izmanto\u0161anas nol\u016bkiem;<\/li>\n<li>apstr\u0101d\u0101 tikai prec\u012bzus datus un tos aktualiz\u0113;<\/li>\n<li>v\u0101c datus tikai konkr\u0113tos un le\u0123it\u012bmos nol\u016bkos.<\/li>\n<\/ul>\n<\/section>\n<section>\n<h3>Personas datu nos\u016bt\u012b\u0161ana uz tre\u0161aj\u0101m valst\u012bm:<\/h3>\n<p>Sabiedr\u012bba nos\u016bt\u012bs klienta personas datus uz tre\u0161aj\u0101m valst\u012bm tikai t\u0101d\u0101 apm\u0113r\u0101, k\u0101ds nepiecie\u0161ams l\u012bgumsaist\u012bbu izpildei (t\u016brisma pakalpojumu snieg\u0161anai). Nododot datus uz valst\u012bm \u0101rpus EEZ, Sabiedr\u012bba p\u0101rliecin\u0101s par datu aizsardz\u012bbas pak\u0101pes atbilst\u012bbu Latvijas un ES standartiem.<\/p>\n<\/section>\n<section>\n<h3>Klienta ties\u012bbas un pien\u0101kumi (piek\u013cuve personas datiem):<\/h3>\n<p>Klientam ir ties\u012bbas:<\/p>\n<ul>\n<li>tikt inform\u0113tam par apstr\u0101des pamatojumu;<\/li>\n<li>piepras\u012bt inform\u0101ciju par saglab\u0101tajiem datiem (bez maksas, 1 m\u0113ne\u0161a laik\u0101);<\/li>\n<li>labot neprec\u012bzus vai nepiln\u012bgus datus;<\/li>\n<li>uz dz\u0113\u0161anu (ties\u012bbas \u201ctikt aizmirstam\u201d), ja nepast\u0101v juridisks pien\u0101kums tos glab\u0101t;<\/li>\n<li>ierobe\u017eot apstr\u0101di atsevi\u0161\u0137os gad\u012bjumos;<\/li>\n<li>uz datu p\u0101rnesam\u012bbu;<\/li>\n<li>iebilst pret apstr\u0101di, sniedzot pamatotu rakstisku piepras\u012bjumu.<\/li>\n<\/ul>\n<p><strong>Piepras\u012bjumu iesnieg\u0161ana:<\/strong> ierodoties kl\u0101tien\u0113 (uzr\u0101dot personu apliecino\u0161u dokumentu) vai elektroniski (parakstot ar dro\u0161u elektronisko parakstu).<\/p>\n<p><strong>Klienta pien\u0101kums:<\/strong> savlaic\u012bgi sniegt inform\u0101ciju par personas datu mai\u0146u. Sabiedr\u012bba nenes atbild\u012bbu par zaud\u0113jumiem, kas radu\u0161ies neaktualiz\u0113tu datu d\u0113\u013c.<\/p>\n<\/section>\n<section>\n<h3>Personas datu glab\u0101\u0161anas ilgums:<\/h3>\n<ul>\n<li>Kam\u0113r Sabiedr\u012bba vai klients var realiz\u0113t savas likum\u0101 noteikt\u0101s tiesisk\u0101s intereses (piem. celt pras\u012bbu ties\u0101);<\/li>\n<li>Saska\u0146\u0101 ar likuma \u201cPar gr\u0101matved\u012bbu\u201d pras\u012bb\u0101m (5 gadus);<\/li>\n<li>Kam\u0113r ir sp\u0113k\u0101 klienta piekri\u0161ana, ja nepast\u0101v cits likum\u012bgs pamats.<\/li>\n<\/ul>\n<\/section>\n<section>\n<h3>B\u016btiska inform\u0101cija:<\/h3>\n<p>Personas datu snieg\u0161ana ir priek\u0161nosac\u012bjums t\u016brisma pakalpojuma l\u012bguma nosl\u0113g\u0161anai. Datu nesnieg\u0161anas gad\u012bjum\u0101 Sabiedr\u012bba nevar nodro\u0161in\u0101t pakalpojumu snieg\u0161anu. Sabiedr\u012bba iev\u0113ro VDAR (GDPR) un Latvijas Republikas ties\u012bbu aktus.<\/p>\n<\/section>\n<hr \/>\n<section>\n<h3>S\u012aKDAT\u0145U IZMANTO\u0160ANA<\/h3>\n<p>M\u0101jaslap\u0101 tiek izmantotas s\u012bkdatnes (cookies). S\u012bkdatne ir neliela teksta datne, ko vietne saglab\u0101 J\u016bsu ier\u012bc\u0113, lai atcer\u0113tos J\u016bsu iestat\u012bjumus un uzlabotu lieto\u0161anas \u0113rt\u012bbas. Turpinot lietot vietni, J\u016bs piekr\u012btat s\u012bkdat\u0146u uzkr\u0101\u0161anai. Piekri\u0161anu var atsaukt, dz\u0113\u0161ot saglab\u0101t\u0101s s\u012bkdatnes sav\u0101 p\u0101rl\u016bkprogramm\u0101.<\/p>\n<p><sup>1<\/sup><span style=\"font-size: 1rem;\"> Politika izstr\u0101d\u0101ta pamatojoties uz Visp\u0101r\u012bg\u0101s datu aizsardz\u012bbas regulas 24.panta 2.punktu.<\/span><\/p>\n<\/section>\n<p><sup>2<\/sup> Inform\u0101cija sniegta saska\u0146\u0101 ar 2016.gada 27.apr\u012b\u013ca Regulas 2016\/679 13.pantu.<\/p>\n<p><em>Aktualiz\u0113t\u0101 politika pieejama: www.innermeridian.lv<\/em><\/p>\n<\/div>\n            <\/div>\n        <\/div>\n    <\/div>\n<\/section>\n","protected":false},"excerpt":{"rendered":"","protected":false},"author":2,"featured_media":0,"parent":0,"menu_order":0,"comment_status":"closed","ping_status":"closed","template":"templates\/template-simple-page.php","meta":{"_acf_changed":false,"footnotes":""},"class_list":["post-555","page","type-page","status-publish","hentry"],"acf":[],"yoast_head":"<!-- This site is optimized with the Yoast SEO plugin v25.1 - https:\/\/yoast.com\/wordpress\/plugins\/seo\/ -->\n<title>Priv\u0101tuma politika - Inner meridian<\/title>\n<meta name=\"robots\" content=\"index, follow, max-snippet:-1, max-image-preview:large, max-video-preview:-1\" \/>\n<link rel=\"canonical\" href=\"https:\/\/innermeridian.lv\/lv\/privatuma-politika\/\" \/>\n<meta property=\"og:locale\" content=\"lv_LV\" \/>\n<meta property=\"og:type\" content=\"article\" \/>\n<meta property=\"og:title\" content=\"Priv\u0101tuma politika - Inner meridian\" \/>\n<meta property=\"og:url\" content=\"https:\/\/innermeridian.lv\/lv\/privatuma-politika\/\" \/>\n<meta property=\"og:site_name\" content=\"Inner meridian\" \/>\n<meta property=\"article:modified_time\" content=\"2026-04-10T14:56:02+00:00\" \/>\n<meta name=\"twitter:card\" content=\"summary_large_image\" \/>\n<script type=\"application\/ld+json\" class=\"yoast-schema-graph\">{\"@context\":\"https:\/\/schema.org\",\"@graph\":[{\"@type\":\"WebPage\",\"@id\":\"https:\/\/innermeridian.lv\/lv\/privatuma-politika\/\",\"url\":\"https:\/\/innermeridian.lv\/lv\/privatuma-politika\/\",\"name\":\"Priv\u0101tuma politika - Inner meridian\",\"isPartOf\":{\"@id\":\"https:\/\/innermeridian.lv\/#website\"},\"datePublished\":\"2025-09-11T10:31:38+00:00\",\"dateModified\":\"2026-04-10T14:56:02+00:00\",\"breadcrumb\":{\"@id\":\"https:\/\/innermeridian.lv\/lv\/privatuma-politika\/#breadcrumb\"},\"inLanguage\":\"lv-LV\",\"potentialAction\":[{\"@type\":\"ReadAction\",\"target\":[\"https:\/\/innermeridian.lv\/lv\/privatuma-politika\/\"]}]},{\"@type\":\"BreadcrumbList\",\"@id\":\"https:\/\/innermeridian.lv\/lv\/privatuma-politika\/#breadcrumb\",\"itemListElement\":[{\"@type\":\"ListItem\",\"position\":1,\"name\":\"Home\",\"item\":\"https:\/\/innermeridian.lv\/lv\/\"},{\"@type\":\"ListItem\",\"position\":2,\"name\":\"Priv\u0101tuma politika\"}]},{\"@type\":\"WebSite\",\"@id\":\"https:\/\/innermeridian.lv\/#website\",\"url\":\"https:\/\/innermeridian.lv\/\",\"name\":\"Inner Meridian\",\"description\":\"\",\"publisher\":{\"@id\":\"https:\/\/innermeridian.lv\/#organization\"},\"potentialAction\":[{\"@type\":\"SearchAction\",\"target\":{\"@type\":\"EntryPoint\",\"urlTemplate\":\"https:\/\/innermeridian.lv\/?s={search_term_string}\"},\"query-input\":{\"@type\":\"PropertyValueSpecification\",\"valueRequired\":true,\"valueName\":\"search_term_string\"}}],\"inLanguage\":\"lv-LV\"},{\"@type\":\"Organization\",\"@id\":\"https:\/\/innermeridian.lv\/#organization\",\"name\":\"Inner Meridian\",\"url\":\"https:\/\/innermeridian.lv\/\",\"logo\":{\"@type\":\"ImageObject\",\"inLanguage\":\"lv-LV\",\"@id\":\"https:\/\/innermeridian.lv\/#\/schema\/logo\/image\/\",\"url\":\"https:\/\/innermeridian.lv\/wp-content\/uploads\/2025\/12\/Screenshot_5.jpg\",\"contentUrl\":\"https:\/\/innermeridian.lv\/wp-content\/uploads\/2025\/12\/Screenshot_5.jpg\",\"width\":189,\"height\":93,\"caption\":\"Inner Meridian\"},\"image\":{\"@id\":\"https:\/\/innermeridian.lv\/#\/schema\/logo\/image\/\"}}]}<\/script>\n<!-- \/ Yoast SEO plugin. -->","yoast_head_json":{"title":"Priv\u0101tuma politika - Inner meridian","robots":{"index":"index","follow":"follow","max-snippet":"max-snippet:-1","max-image-preview":"max-image-preview:large","max-video-preview":"max-video-preview:-1"},"canonical":"https:\/\/innermeridian.lv\/lv\/privatuma-politika\/","og_locale":"lv_LV","og_type":"article","og_title":"Priv\u0101tuma politika - Inner meridian","og_url":"https:\/\/innermeridian.lv\/lv\/privatuma-politika\/","og_site_name":"Inner meridian","article_modified_time":"2026-04-10T14:56:02+00:00","twitter_card":"summary_large_image","schema":{"@context":"https:\/\/schema.org","@graph":[{"@type":"WebPage","@id":"https:\/\/innermeridian.lv\/lv\/privatuma-politika\/","url":"https:\/\/innermeridian.lv\/lv\/privatuma-politika\/","name":"Priv\u0101tuma politika - Inner meridian","isPartOf":{"@id":"https:\/\/innermeridian.lv\/#website"},"datePublished":"2025-09-11T10:31:38+00:00","dateModified":"2026-04-10T14:56:02+00:00","breadcrumb":{"@id":"https:\/\/innermeridian.lv\/lv\/privatuma-politika\/#breadcrumb"},"inLanguage":"lv-LV","potentialAction":[{"@type":"ReadAction","target":["https:\/\/innermeridian.lv\/lv\/privatuma-politika\/"]}]},{"@type":"BreadcrumbList","@id":"https:\/\/innermeridian.lv\/lv\/privatuma-politika\/#breadcrumb","itemListElement":[{"@type":"ListItem","position":1,"name":"Home","item":"https:\/\/innermeridian.lv\/lv\/"},{"@type":"ListItem","position":2,"name":"Priv\u0101tuma politika"}]},{"@type":"WebSite","@id":"https:\/\/innermeridian.lv\/#website","url":"https:\/\/innermeridian.lv\/","name":"Inner Meridian","description":"","publisher":{"@id":"https:\/\/innermeridian.lv\/#organization"},"potentialAction":[{"@type":"SearchAction","target":{"@type":"EntryPoint","urlTemplate":"https:\/\/innermeridian.lv\/?s={search_term_string}"},"query-input":{"@type":"PropertyValueSpecification","valueRequired":true,"valueName":"search_term_string"}}],"inLanguage":"lv-LV"},{"@type":"Organization","@id":"https:\/\/innermeridian.lv\/#organization","name":"Inner Meridian","url":"https:\/\/innermeridian.lv\/","logo":{"@type":"ImageObject","inLanguage":"lv-LV","@id":"https:\/\/innermeridian.lv\/#\/schema\/logo\/image\/","url":"https:\/\/innermeridian.lv\/wp-content\/uploads\/2025\/12\/Screenshot_5.jpg","contentUrl":"https:\/\/innermeridian.lv\/wp-content\/uploads\/2025\/12\/Screenshot_5.jpg","width":189,"height":93,"caption":"Inner Meridian"},"image":{"@id":"https:\/\/innermeridian.lv\/#\/schema\/logo\/image\/"}}]}},"_links":{"self":[{"href":"https:\/\/innermeridian.lv\/lv\/wp-json\/wp\/v2\/pages\/555","targetHints":{"allow":["GET"]}}],"collection":[{"href":"https:\/\/innermeridian.lv\/lv\/wp-json\/wp\/v2\/pages"}],"about":[{"href":"https:\/\/innermeridian.lv\/lv\/wp-json\/wp\/v2\/types\/page"}],"author":[{"embeddable":true,"href":"https:\/\/innermeridian.lv\/lv\/wp-json\/wp\/v2\/users\/2"}],"replies":[{"embeddable":true,"href":"https:\/\/innermeridian.lv\/lv\/wp-json\/wp\/v2\/comments?post=555"}],"version-history":[{"count":6,"href":"https:\/\/innermeridian.lv\/lv\/wp-json\/wp\/v2\/pages\/555\/revisions"}],"predecessor-version":[{"id":1162,"href":"https:\/\/innermeridian.lv\/lv\/wp-json\/wp\/v2\/pages\/555\/revisions\/1162"}],"wp:attachment":[{"href":"https:\/\/innermeridian.lv\/lv\/wp-json\/wp\/v2\/media?parent=555"}],"curies":[{"name":"wp","href":"https:\/\/api.w.org\/{rel}","templated":true}]}}